{"id":42971,"date":"2022-08-01T08:54:13","date_gmt":"2022-08-01T08:54:13","guid":{"rendered":"https:\/\/www.geosminacomponents.com\/tracks\/"},"modified":"2023-01-13T12:32:12","modified_gmt":"2023-01-13T12:32:12","slug":"tracks","status":"publish","type":"page","link":"https:\/\/www.geosminacomponents.com\/en\/tracks\/","title":{"rendered":"Tracks"},"content":{"rendered":"\t\t<div data-elementor-type=\"wp-page\" data-elementor-id=\"42971\" class=\"elementor elementor-42971 elementor-42107\" data-elementor-post-type=\"page\">\n\t\t\t\t\t\t<section class=\"elementor-section elementor-top-section elementor-element elementor-element-308d89e elementor-section-full_width elementor-section-height-min-height elementor-section-height-default elementor-section-items-middle\" data-id=\"308d89e\" data-element_type=\"section\" data-e-type=\"section\" data-settings=\"{&quot;background_background&quot;:&quot;classic&quot;,&quot;background_motion_fx_translateY_effect&quot;:&quot;yes&quot;,&quot;background_motion_fx_motion_fx_scrolling&quot;:&quot;yes&quot;,&quot;background_motion_fx_translateY_speed&quot;:{&quot;unit&quot;:&quot;px&quot;,&quot;size&quot;:4,&quot;sizes&quot;:[]},&quot;background_motion_fx_translateY_affectedRange&quot;:{&quot;unit&quot;:&quot;%&quot;,&quot;size&quot;:&quot;&quot;,&quot;sizes&quot;:{&quot;start&quot;:0,&quot;end&quot;:100}},&quot;background_motion_fx_devices&quot;:[&quot;desktop&quot;,&quot;tablet&quot;,&quot;mobile&quot;]}\">\n\t\t\t\t\t\t\t<div class=\"elementor-background-overlay\"><\/div>\n\t\t\t\t\t\t\t<div class=\"elementor-container elementor-column-gap-default\">\n\t\t\t\t\t<div class=\"elementor-column elementor-col-100 elementor-top-column elementor-element elementor-element-7693c33\" data-id=\"7693c33\" data-element_type=\"column\" data-e-type=\"column\">\n\t\t\t<div class=\"elementor-widget-wrap elementor-element-populated\">\n\t\t\t\t\t\t<div class=\"elementor-element elementor-element-747327b elementor-widget elementor-widget-heading\" data-id=\"747327b\" data-element_type=\"widget\" data-e-type=\"widget\" data-widget_type=\"heading.default\">\n\t\t\t\t<div class=\"elementor-widget-container\">\n\t\t\t\t\t<h3 class=\"elementor-heading-title elementor-size-default\">Gravel and ciclotouring tracks<\/h3>\t\t\t\t<\/div>\n\t\t\t\t<\/div>\n\t\t\t\t<div class=\"elementor-element elementor-element-f601001 elementor-widget-divider--separator-type-pattern elementor-widget-divider--no-spacing elementor-widget-divider--view-line elementor-widget elementor-widget-divider\" data-id=\"f601001\" data-element_type=\"widget\" data-e-type=\"widget\" data-widget_type=\"divider.default\">\n\t\t\t\t<div class=\"elementor-widget-container\">\n\t\t\t\t\t\t\t<div class=\"elementor-divider\" style=\"--divider-pattern-url: url(&quot;data:image\/svg+xml,%3Csvg xmlns=&#039;http:\/\/www.w3.org\/2000\/svg&#039; preserveAspectRatio=&#039;xMidYMid meet&#039; overflow=&#039;visible&#039; height=&#039;100%&#039; viewBox=&#039;0 0 120 26&#039; fill=&#039;black&#039; stroke=&#039;none&#039;%3E%3Cpolygon points=&#039;0,14.4 0,21 11.5,12.4 21.3,20 30.4,11.1 40.3,20 51,12.4 60.6,20 69.6,11.1 79.3,20 90.1,12.4 99.6,20 109.7,11.1 120,21 120,14.4 109.7,5 99.6,13 90.1,5 79.3,14.5 71,5.7 60.6,12.4 51,5 40.3,14.5 31.1,5 21.3,13 11.5,5 \t&#039;\/%3E%3C\/svg%3E&quot;);\">\n\t\t\t<span class=\"elementor-divider-separator\">\n\t\t\t\t\t\t<\/span>\n\t\t<\/div>\n\t\t\t\t\t\t<\/div>\n\t\t\t\t<\/div>\n\t\t\t\t<div class=\"elementor-element elementor-element-a327bac elementor-widget elementor-widget-text-editor\" data-id=\"a327bac\" data-element_type=\"widget\" data-e-type=\"widget\" data-widget_type=\"text-editor.default\">\n\t\t\t\t<div class=\"elementor-widget-container\">\n\t\t\t\t\t\t\t\t\tWe are united by passion <em><span style=\"text-decoration: underline;\">#WeAreTravellers<\/span><\/em>\t\t\t\t\t\t\t\t<\/div>\n\t\t\t\t<\/div>\n\t\t\t\t\t<\/div>\n\t\t<\/div>\n\t\t\t\t\t<\/div>\n\t\t<\/section>\n\t\t\t\t<section class=\"elementor-section elementor-top-section elementor-element elementor-element-906c9a0 elementor-section-boxed elementor-section-height-default elementor-section-height-default\" data-id=\"906c9a0\" data-element_type=\"section\" data-e-type=\"section\">\n\t\t\t\t\t\t<div class=\"elementor-container elementor-column-gap-default\">\n\t\t\t\t\t<div class=\"elementor-column elementor-col-100 elementor-top-column elementor-element elementor-element-9faca72\" data-id=\"9faca72\" data-element_type=\"column\" data-e-type=\"column\">\n\t\t\t<div class=\"elementor-widget-wrap elementor-element-populated\">\n\t\t\t\t\t\t<div class=\"elementor-element elementor-element-b8ec3a5 elementor-widget elementor-widget-html\" data-id=\"b8ec3a5\" data-element_type=\"widget\" data-e-type=\"widget\" data-widget_type=\"html.default\">\n\t\t\t\t<div class=\"elementor-widget-container\">\n\t\t\t\t\t<iframe src=\"https:\/\/www.google.com\/maps\/d\/embed?mid=10BVlRg9kMeyVRxRs9MrASzVvkd1OlpfO&ehbc=2E312F\" width=\"640\" height=\"680\"><\/iframe>\t\t\t\t<\/div>\n\t\t\t\t<\/div>\n\t\t\t\t<div class=\"elementor-element elementor-element-453f1ec elementor-widget elementor-widget-text-editor\" data-id=\"453f1ec\" data-element_type=\"widget\" data-e-type=\"widget\" data-widget_type=\"text-editor.default\">\n\t\t\t\t<div class=\"elementor-widget-container\">\n\t\t\t\t\t\t\t\t\t<p>Aqu\u00ed te dejamos otros links de utilidad donde encontrar\u00e1s m\u00e1s rutas y m\u00e1s variantes para explorar y perderte con las dos ruedas. \u00a1Salud y pedal!<\/p><p><a href=\"https:\/\/www.geosminacomponents.com\/rutas\/www.conalforjas.com\/rutas-gravel\" target=\"_blank\" rel=\"noopener\"><span style=\"color: #ff0000;\">www.conalforjas.com\/rutas-gravel<\/span><\/a><br \/><span style=\"color: #ff0000;\"><a style=\"color: #ff0000;\" href=\"http:\/\/www.conalforjas.com\/rutas-gravel\" target=\"_blank\" rel=\"noopener\">www.pedalia.cc\/rutas\/<\/a><\/span><br \/><span style=\"color: #ff0000;\">ww.mundogravel.es\/rutas<\/span><br \/><span style=\"color: #ff0000;\"><a style=\"color: #ff0000;\" href=\"http:\/\/www.localguidegrancanaria.com\/rutas-mtb-gran-canaria\/\" target=\"_blank\" rel=\"noopener\">www.localguidegrancanaria.com\/rutas-mtb-gran-canaria\/<\/a><\/span><br \/><span style=\"color: #ff0000;\"><a style=\"color: #ff0000;\" href=\"http:\/\/www.guiasbicimap.com\/es\/donde-vamos\/rutas-para-viajar-en-bici-por-es\" target=\"_blank\" rel=\"noopener\">www.guiasbicimap.com\/es\/donde-vamos\/rutas-para-viajar-en-bici-por-es<\/a><\/span><br \/><span style=\"color: #ff0000;\"><a style=\"color: #ff0000;\" href=\"http:\/\/www.viasverdes.com\/itinerarios\/principal.asp\" target=\"_blank\" rel=\"noopener\">www.viasverdes.com\/itinerarios\/principal.asp<\/a><\/span><\/p>\t\t\t\t\t\t\t\t<\/div>\n\t\t\t\t<\/div>\n\t\t\t\t\t<\/div>\n\t\t<\/div>\n\t\t\t\t\t<\/div>\n\t\t<\/section>\n\t\t\t\t<\/div>\n\t\t","protected":false},"excerpt":{"rendered":"<p>Gravel and ciclotouring tracks We are united by passion #WeAreTravellers Aqu\u00ed te dejamos otros links de utilidad donde encontrar\u00e1s m\u00e1s rutas y m\u00e1s variantes para explorar y perderte con las dos ruedas. \u00a1Salud y pedal! www.conalforjas.com\/rutas-gravelwww.pedalia.cc\/rutas\/ww.mundogravel.es\/rutaswww.localguidegrancanaria.com\/rutas-mtb-gran-canaria\/www.guiasbicimap.com\/es\/donde-vamos\/rutas-para-viajar-en-bici-por-eswww.viasverdes.com\/itinerarios\/principal.asp<\/p>\n","protected":false},"author":3,"featured_media":0,"parent":0,"menu_order":0,"comment_status":"closed","ping_status":"closed","template":"elementor_header_footer","meta":{"ocean_post_layout":"","ocean_both_sidebars_style":"","ocean_both_sidebars_content_width":0,"ocean_both_sidebars_sidebars_width":0,"ocean_sidebar":"0","ocean_second_sidebar":"0","ocean_disable_margins":"enable","ocean_add_body_class":"","ocean_shortcode_before_top_bar":"","ocean_shortcode_after_top_bar":"","ocean_shortcode_before_header":"","ocean_shortcode_after_header":"","ocean_has_shortcode":"","ocean_shortcode_after_title":"","ocean_shortcode_before_footer_widgets":"","ocean_shortcode_after_footer_widgets":"","ocean_shortcode_before_footer_bottom":"","ocean_shortcode_after_footer_bottom":"","ocean_display_top_bar":"default","ocean_display_header":"default","ocean_header_style":"","ocean_center_header_left_menu":"0","ocean_custom_header_template":"0","ocean_custom_logo":0,"ocean_custom_retina_logo":0,"ocean_custom_logo_max_width":0,"ocean_custom_logo_tablet_max_width":0,"ocean_custom_logo_mobile_max_width":0,"ocean_custom_logo_max_height":0,"ocean_custom_logo_tablet_max_height":0,"ocean_custom_logo_mobile_max_height":0,"ocean_header_custom_menu":"0","ocean_menu_typo_font_family":"0","ocean_menu_typo_font_subset":"","ocean_menu_typo_font_size":0,"ocean_menu_typo_font_size_tablet":0,"ocean_menu_typo_font_size_mobile":0,"ocean_menu_typo_font_size_unit":"px","ocean_menu_typo_font_weight":"","ocean_menu_typo_font_weight_tablet":"","ocean_menu_typo_font_weight_mobile":"","ocean_menu_typo_transform":"","ocean_menu_typo_transform_tablet":"","ocean_menu_typo_transform_mobile":"","ocean_menu_typo_line_height":0,"ocean_menu_typo_line_height_tablet":0,"ocean_menu_typo_line_height_mobile":0,"ocean_menu_typo_line_height_unit":"","ocean_menu_typo_spacing":0,"ocean_menu_typo_spacing_tablet":0,"ocean_menu_typo_spacing_mobile":0,"ocean_menu_typo_spacing_unit":"","ocean_menu_link_color":"","ocean_menu_link_color_hover":"","ocean_menu_link_color_active":"","ocean_menu_link_background":"","ocean_menu_link_hover_background":"","ocean_menu_link_active_background":"","ocean_menu_social_links_bg":"","ocean_menu_social_hover_links_bg":"","ocean_menu_social_links_color":"","ocean_menu_social_hover_links_color":"","ocean_disable_title":"on","ocean_disable_heading":"default","ocean_post_title":"","ocean_post_subheading":"","ocean_post_title_style":"background-image","ocean_post_title_background_color":"","ocean_post_title_background":0,"ocean_post_title_bg_image_position":"","ocean_post_title_bg_image_attachment":"","ocean_post_title_bg_image_repeat":"","ocean_post_title_bg_image_size":"","ocean_post_title_height":0,"ocean_post_title_bg_overlay":0.5,"ocean_post_title_bg_overlay_color":"","ocean_disable_breadcrumbs":"default","ocean_breadcrumbs_color":"","ocean_breadcrumbs_separator_color":"","ocean_breadcrumbs_links_color":"","ocean_breadcrumbs_links_hover_color":"","ocean_display_footer_widgets":"default","ocean_display_footer_bottom":"default","ocean_custom_footer_template":"0","footnotes":""},"class_list":["post-42971","page","type-page","status-publish","hentry","entry","owp-thumbs-layout-horizontal","owp-btn-big","owp-tabs-layout-horizontal","has-no-thumbnails","has-product-nav"],"yoast_head":"<!-- This site is optimized with the Yoast SEO plugin v27.4 - https:\/\/yoast.com\/product\/yoast-seo-wordpress\/ -->\n<title>Tracks - Geosmina Components \u25ba<\/title>\n<meta name=\"robots\" content=\"index, follow, max-snippet:-1, max-image-preview:large, max-video-preview:-1\" \/>\n<link rel=\"canonical\" href=\"https:\/\/www.geosminacomponents.com\/rutas\/\" \/>\n<meta property=\"og:locale\" content=\"en_US\" \/>\n<meta property=\"og:type\" content=\"article\" \/>\n<meta property=\"og:title\" content=\"Tracks - Geosmina Components \u25ba\" \/>\n<meta property=\"og:description\" content=\"Gravel and ciclotouring tracks We are united by passion #WeAreTravellers Aqu\u00ed te dejamos otros links de utilidad donde encontrar\u00e1s m\u00e1s rutas y m\u00e1s variantes para explorar y perderte con las dos ruedas. \u00a1Salud y pedal! www.conalforjas.com\/rutas-gravelwww.pedalia.cc\/rutas\/ww.mundogravel.es\/rutaswww.localguidegrancanaria.com\/rutas-mtb-gran-canaria\/www.guiasbicimap.com\/es\/donde-vamos\/rutas-para-viajar-en-bici-por-eswww.viasverdes.com\/itinerarios\/principal.asp\" \/>\n<meta property=\"og:url\" content=\"https:\/\/www.geosminacomponents.com\/rutas\/\" \/>\n<meta property=\"og:site_name\" content=\"Geosmina Components \u25ba\" \/>\n<meta property=\"article:publisher\" content=\"https:\/\/www.instagram.com\/geosminacomponents\/\" \/>\n<meta property=\"article:modified_time\" content=\"2023-01-13T12:32:12+00:00\" \/>\n<meta name=\"twitter:card\" content=\"summary_large_image\" \/>\n<script type=\"application\/ld+json\" class=\"yoast-schema-graph\">{\"@context\":\"https:\\\/\\\/schema.org\",\"@graph\":[{\"@type\":\"WebPage\",\"@id\":\"https:\\\/\\\/www.geosminacomponents.com\\\/rutas\\\/\",\"url\":\"https:\\\/\\\/www.geosminacomponents.com\\\/rutas\\\/\",\"name\":\"Tracks - Geosmina Components \u25ba\",\"isPartOf\":{\"@id\":\"https:\\\/\\\/www.geosminacomponents.com\\\/#website\"},\"datePublished\":\"2022-08-01T08:54:13+00:00\",\"dateModified\":\"2023-01-13T12:32:12+00:00\",\"breadcrumb\":{\"@id\":\"https:\\\/\\\/www.geosminacomponents.com\\\/rutas\\\/#breadcrumb\"},\"inLanguage\":\"en-US\",\"potentialAction\":[{\"@type\":\"ReadAction\",\"target\":[\"https:\\\/\\\/www.geosminacomponents.com\\\/rutas\\\/\"]}]},{\"@type\":\"BreadcrumbList\",\"@id\":\"https:\\\/\\\/www.geosminacomponents.com\\\/rutas\\\/#breadcrumb\",\"itemListElement\":[{\"@type\":\"ListItem\",\"position\":1,\"name\":\"Portada\",\"item\":\"https:\\\/\\\/www.geosminacomponents.com\\\/\"},{\"@type\":\"ListItem\",\"position\":2,\"name\":\"Tracks\"}]},{\"@type\":\"WebSite\",\"@id\":\"https:\\\/\\\/www.geosminacomponents.com\\\/#website\",\"url\":\"https:\\\/\\\/www.geosminacomponents.com\\\/\",\"name\":\"Geosmina Components \u25ba\",\"description\":\"Bolsas bikepacking y accesorios para gravel, MTB y cicloturismo | ADVENTURE AWAITS!\",\"publisher\":{\"@id\":\"https:\\\/\\\/www.geosminacomponents.com\\\/#organization\"},\"potentialAction\":[{\"@type\":\"SearchAction\",\"target\":{\"@type\":\"EntryPoint\",\"urlTemplate\":\"https:\\\/\\\/www.geosminacomponents.com\\\/?s={search_term_string}\"},\"query-input\":{\"@type\":\"PropertyValueSpecification\",\"valueRequired\":true,\"valueName\":\"search_term_string\"}}],\"inLanguage\":\"en-US\"},{\"@type\":\"Organization\",\"@id\":\"https:\\\/\\\/www.geosminacomponents.com\\\/#organization\",\"name\":\"Geosmina Components and Bikepacking\",\"url\":\"https:\\\/\\\/www.geosminacomponents.com\\\/\",\"logo\":{\"@type\":\"ImageObject\",\"inLanguage\":\"en-US\",\"@id\":\"https:\\\/\\\/www.geosminacomponents.com\\\/#\\\/schema\\\/logo\\\/image\\\/\",\"url\":\"https:\\\/\\\/www.geosminacomponents.com\\\/wp-content\\\/uploads\\\/2022\\\/06\\\/geosmina_logo-06.png\",\"contentUrl\":\"https:\\\/\\\/www.geosminacomponents.com\\\/wp-content\\\/uploads\\\/2022\\\/06\\\/geosmina_logo-06.png\",\"width\":1778,\"height\":241,\"caption\":\"Geosmina Components and Bikepacking\"},\"image\":{\"@id\":\"https:\\\/\\\/www.geosminacomponents.com\\\/#\\\/schema\\\/logo\\\/image\\\/\"},\"sameAs\":[\"https:\\\/\\\/www.instagram.com\\\/geosminacomponents\\\/\",\"https:\\\/\\\/www.youtube.com\\\/channel\\\/UC9BsVdE2YG3wd84eyhNNm9g\"]}]}<\/script>\n<!-- \/ Yoast SEO plugin. -->","yoast_head_json":{"title":"Tracks - Geosmina Components \u25ba","robots":{"index":"index","follow":"follow","max-snippet":"max-snippet:-1","max-image-preview":"max-image-preview:large","max-video-preview":"max-video-preview:-1"},"canonical":"https:\/\/www.geosminacomponents.com\/rutas\/","og_locale":"en_US","og_type":"article","og_title":"Tracks - Geosmina Components \u25ba","og_description":"Gravel and ciclotouring tracks We are united by passion #WeAreTravellers Aqu\u00ed te dejamos otros links de utilidad donde encontrar\u00e1s m\u00e1s rutas y m\u00e1s variantes para explorar y perderte con las dos ruedas. \u00a1Salud y pedal! www.conalforjas.com\/rutas-gravelwww.pedalia.cc\/rutas\/ww.mundogravel.es\/rutaswww.localguidegrancanaria.com\/rutas-mtb-gran-canaria\/www.guiasbicimap.com\/es\/donde-vamos\/rutas-para-viajar-en-bici-por-eswww.viasverdes.com\/itinerarios\/principal.asp","og_url":"https:\/\/www.geosminacomponents.com\/rutas\/","og_site_name":"Geosmina Components \u25ba","article_publisher":"https:\/\/www.instagram.com\/geosminacomponents\/","article_modified_time":"2023-01-13T12:32:12+00:00","twitter_card":"summary_large_image","schema":{"@context":"https:\/\/schema.org","@graph":[{"@type":"WebPage","@id":"https:\/\/www.geosminacomponents.com\/rutas\/","url":"https:\/\/www.geosminacomponents.com\/rutas\/","name":"Tracks - Geosmina Components \u25ba","isPartOf":{"@id":"https:\/\/www.geosminacomponents.com\/#website"},"datePublished":"2022-08-01T08:54:13+00:00","dateModified":"2023-01-13T12:32:12+00:00","breadcrumb":{"@id":"https:\/\/www.geosminacomponents.com\/rutas\/#breadcrumb"},"inLanguage":"en-US","potentialAction":[{"@type":"ReadAction","target":["https:\/\/www.geosminacomponents.com\/rutas\/"]}]},{"@type":"BreadcrumbList","@id":"https:\/\/www.geosminacomponents.com\/rutas\/#breadcrumb","itemListElement":[{"@type":"ListItem","position":1,"name":"Portada","item":"https:\/\/www.geosminacomponents.com\/"},{"@type":"ListItem","position":2,"name":"Tracks"}]},{"@type":"WebSite","@id":"https:\/\/www.geosminacomponents.com\/#website","url":"https:\/\/www.geosminacomponents.com\/","name":"Geosmina Components \u25ba","description":"Bolsas bikepacking y accesorios para gravel, MTB y cicloturismo | ADVENTURE AWAITS!","publisher":{"@id":"https:\/\/www.geosminacomponents.com\/#organization"},"potentialAction":[{"@type":"SearchAction","target":{"@type":"EntryPoint","urlTemplate":"https:\/\/www.geosminacomponents.com\/?s={search_term_string}"},"query-input":{"@type":"PropertyValueSpecification","valueRequired":true,"valueName":"search_term_string"}}],"inLanguage":"en-US"},{"@type":"Organization","@id":"https:\/\/www.geosminacomponents.com\/#organization","name":"Geosmina Components and Bikepacking","url":"https:\/\/www.geosminacomponents.com\/","logo":{"@type":"ImageObject","inLanguage":"en-US","@id":"https:\/\/www.geosminacomponents.com\/#\/schema\/logo\/image\/","url":"https:\/\/www.geosminacomponents.com\/wp-content\/uploads\/2022\/06\/geosmina_logo-06.png","contentUrl":"https:\/\/www.geosminacomponents.com\/wp-content\/uploads\/2022\/06\/geosmina_logo-06.png","width":1778,"height":241,"caption":"Geosmina Components and Bikepacking"},"image":{"@id":"https:\/\/www.geosminacomponents.com\/#\/schema\/logo\/image\/"},"sameAs":["https:\/\/www.instagram.com\/geosminacomponents\/","https:\/\/www.youtube.com\/channel\/UC9BsVdE2YG3wd84eyhNNm9g"]}]}},"_links":{"self":[{"href":"https:\/\/www.geosminacomponents.com\/en\/wp-json\/wp\/v2\/pages\/42971","targetHints":{"allow":["GET"]}}],"collection":[{"href":"https:\/\/www.geosminacomponents.com\/en\/wp-json\/wp\/v2\/pages"}],"about":[{"href":"https:\/\/www.geosminacomponents.com\/en\/wp-json\/wp\/v2\/types\/page"}],"author":[{"embeddable":true,"href":"https:\/\/www.geosminacomponents.com\/en\/wp-json\/wp\/v2\/users\/3"}],"replies":[{"embeddable":true,"href":"https:\/\/www.geosminacomponents.com\/en\/wp-json\/wp\/v2\/comments?post=42971"}],"version-history":[{"count":0,"href":"https:\/\/www.geosminacomponents.com\/en\/wp-json\/wp\/v2\/pages\/42971\/revisions"}],"wp:attachment":[{"href":"https:\/\/www.geosminacomponents.com\/en\/wp-json\/wp\/v2\/media?parent=42971"}],"curies":[{"name":"wp","href":"https:\/\/api.w.org\/{rel}","templated":true}]}}